{"id":9655,"date":"2025-04-16T10:33:21","date_gmt":"2025-04-16T09:33:21","guid":{"rendered":"https:\/\/elu-fire.com\/product\/elu-fire-bioethanol-12x1-liter-neutral\/"},"modified":"2025-04-16T10:33:21","modified_gmt":"2025-04-16T09:33:21","slug":"elu-fire-bioethanol-12x1-liter-neutral","status":"publish","type":"product","link":"https:\/\/elu-fire.com\/de\/produkt\/elu-fire-bioethanol-12x1-liter-neutral\/","title":{"rendered":"Elu-fire Bioethanol 12&#215;1 Liter &#8211; Neutral"},"content":{"rendered":"<p><b>Kiste mit 12 Litern Ethanol<\/b><\/p>\n<p>Bioethanol f\u00fcr Kamine<\/p>\n<ul>\n<li>Geruchlos<\/li>\n<li>Reiner Alkohol &gt;95% denaturiert<\/li>\n<li>Organisch und sauber<\/li>\n<li>Brennt leise mit gelber Flamme<\/li>\n<li>Speziell f\u00fcr Bioethanol-Feuer gemacht<\/li>\n<\/ul>\n<p>1x Box 12 x 1 Liter<\/p>\n<p>Lieferzeit 2-5 Arbeitstage<\/p>\n<p>Die Versandkosten f\u00fcr die Niederlande betragen 12,50 \u20ac pro Karton (ohne die Watteninseln). F\u00fcr Lieferungen ins Ausland kontaktieren Sie uns bitte. <\/p>\n<p>Wenn Sie gr\u00f6\u00dfere Mengen kaufen m\u00f6chten, kontaktieren Sie uns bitte unter info@elu-fire.com f\u00fcr ein unverbindliches Angebot.<\/p>\n","protected":false},"excerpt":{"rendered":"<p>Kiste mit 12 Litern Ethanol Bioethanol f\u00fcr Kamine Geruchlos Reiner Alkohol &gt;95% denaturiert Organisch und sauber Brennt leise mit gelber Flamme Speziell f\u00fcr Bioethanol-Feuer gemacht 1x Box 12 x 1&#8230;<\/p>\n","protected":false},"featured_media":5258,"template":"","meta":[],"product_brand":[],"product_cat":[60],"product_tag":[],"class_list":{"0":"post-9655","1":"product","2":"type-product","3":"status-publish","4":"has-post-thumbnail","6":"product_cat-uncategorized","8":"first","9":"instock","10":"purchasable","11":"product-type-simple"},"yoast_head":"<!-- This site is optimized with the Yoast SEO plugin v27.5 - https:\/\/yoast.com\/product\/yoast-seo-wordpress\/ -->\n<title>Elu-fire Bioethanol 12x1 Liter - Neutral - Elu-fire<\/title>\n<meta name=\"robots\" content=\"index, follow, max-snippet:-1, max-image-preview:large, max-video-preview:-1\" \/>\n<link rel=\"canonical\" href=\"https:\/\/elu-fire.com\/de\/produkt\/elu-fire-bioethanol-12x1-liter-neutral\/\" \/>\n<meta property=\"og:locale\" content=\"de_DE\" \/>\n<meta property=\"og:type\" content=\"article\" \/>\n<meta property=\"og:title\" content=\"Elu-fire Bioethanol 12x1 Liter - Neutral - Elu-fire\" \/>\n<meta property=\"og:description\" content=\"Kiste mit 12 Litern Ethanol Bioethanol f\u00fcr Kamine Geruchlos Reiner Alkohol &gt;95% denaturiert Organisch und sauber Brennt leise mit gelber Flamme Speziell f\u00fcr Bioethanol-Feuer gemacht 1x Box 12 x 1...\" \/>\n<meta property=\"og:url\" content=\"https:\/\/elu-fire.com\/de\/produkt\/elu-fire-bioethanol-12x1-liter-neutral\/\" \/>\n<meta property=\"og:site_name\" content=\"Elu-fire\" \/>\n<meta property=\"og:image\" content=\"https:\/\/elu-fire.com\/wp-content\/uploads\/2025\/04\/Fles-bio-ethanol-1.jpeg\" \/>\n\t<meta property=\"og:image:width\" content=\"368\" \/>\n\t<meta property=\"og:image:height\" content=\"878\" \/>\n\t<meta property=\"og:image:type\" content=\"image\/jpeg\" \/>\n<meta name=\"twitter:card\" content=\"summary_large_image\" \/>\n<script type=\"application\/ld+json\" class=\"yoast-schema-graph\">{\"@context\":\"https:\\\/\\\/schema.org\",\"@graph\":[{\"@type\":\"WebPage\",\"@id\":\"https:\\\/\\\/elu-fire.com\\\/de\\\/produkt\\\/elu-fire-bioethanol-12x1-liter-neutral\\\/\",\"url\":\"https:\\\/\\\/elu-fire.com\\\/de\\\/produkt\\\/elu-fire-bioethanol-12x1-liter-neutral\\\/\",\"name\":\"Elu-fire Bioethanol 12x1 Liter - Neutral - Elu-fire\",\"isPartOf\":{\"@id\":\"https:\\\/\\\/elu-fire.com\\\/de\\\/#website\"},\"primaryImageOfPage\":{\"@id\":\"https:\\\/\\\/elu-fire.com\\\/de\\\/produkt\\\/elu-fire-bioethanol-12x1-liter-neutral\\\/#primaryimage\"},\"image\":{\"@id\":\"https:\\\/\\\/elu-fire.com\\\/de\\\/produkt\\\/elu-fire-bioethanol-12x1-liter-neutral\\\/#primaryimage\"},\"thumbnailUrl\":\"https:\\\/\\\/elu-fire.com\\\/wp-content\\\/uploads\\\/2025\\\/04\\\/Fles-bio-ethanol-1.jpeg\",\"datePublished\":\"2025-04-16T09:33:21+00:00\",\"breadcrumb\":{\"@id\":\"https:\\\/\\\/elu-fire.com\\\/de\\\/produkt\\\/elu-fire-bioethanol-12x1-liter-neutral\\\/#breadcrumb\"},\"inLanguage\":\"de\",\"potentialAction\":[{\"@type\":\"ReadAction\",\"target\":[\"https:\\\/\\\/elu-fire.com\\\/de\\\/produkt\\\/elu-fire-bioethanol-12x1-liter-neutral\\\/\"]}]},{\"@type\":\"ImageObject\",\"inLanguage\":\"de\",\"@id\":\"https:\\\/\\\/elu-fire.com\\\/de\\\/produkt\\\/elu-fire-bioethanol-12x1-liter-neutral\\\/#primaryimage\",\"url\":\"https:\\\/\\\/elu-fire.com\\\/wp-content\\\/uploads\\\/2025\\\/04\\\/Fles-bio-ethanol-1.jpeg\",\"contentUrl\":\"https:\\\/\\\/elu-fire.com\\\/wp-content\\\/uploads\\\/2025\\\/04\\\/Fles-bio-ethanol-1.jpeg\",\"width\":368,\"height\":878},{\"@type\":\"BreadcrumbList\",\"@id\":\"https:\\\/\\\/elu-fire.com\\\/de\\\/produkt\\\/elu-fire-bioethanol-12x1-liter-neutral\\\/#breadcrumb\",\"itemListElement\":[{\"@type\":\"ListItem\",\"position\":1,\"name\":\"Startseite\",\"item\":\"https:\\\/\\\/elu-fire.com\\\/de\\\/startseite\\\/\"},{\"@type\":\"ListItem\",\"position\":2,\"name\":\"Shop\",\"item\":\"https:\\\/\\\/elu-fire.com\\\/winkel\\\/\"},{\"@type\":\"ListItem\",\"position\":3,\"name\":\"Elu-fire Bioethanol 12&#215;1 Liter &#8211; Neutral\"}]},{\"@type\":\"WebSite\",\"@id\":\"https:\\\/\\\/elu-fire.com\\\/de\\\/#website\",\"url\":\"https:\\\/\\\/elu-fire.com\\\/de\\\/\",\"name\":\"\u00e9lu-fire\",\"description\":\"Overal een haard\",\"publisher\":{\"@id\":\"https:\\\/\\\/elu-fire.com\\\/de\\\/#organization\"},\"potentialAction\":[{\"@type\":\"SearchAction\",\"target\":{\"@type\":\"EntryPoint\",\"urlTemplate\":\"https:\\\/\\\/elu-fire.com\\\/de\\\/?s={search_term_string}\"},\"query-input\":{\"@type\":\"PropertyValueSpecification\",\"valueRequired\":true,\"valueName\":\"search_term_string\"}}],\"inLanguage\":\"de\"},{\"@type\":\"Organization\",\"@id\":\"https:\\\/\\\/elu-fire.com\\\/de\\\/#organization\",\"name\":\"\u00e9lu-fire\",\"url\":\"https:\\\/\\\/elu-fire.com\\\/de\\\/\",\"logo\":{\"@type\":\"ImageObject\",\"inLanguage\":\"de\",\"@id\":\"https:\\\/\\\/elu-fire.com\\\/de\\\/#\\\/schema\\\/logo\\\/image\\\/\",\"url\":\"https:\\\/\\\/elu-fire.com\\\/wp-content\\\/uploads\\\/2023\\\/01\\\/cropped-flavicon-elufire.png\",\"contentUrl\":\"https:\\\/\\\/elu-fire.com\\\/wp-content\\\/uploads\\\/2023\\\/01\\\/cropped-flavicon-elufire.png\",\"width\":512,\"height\":512,\"caption\":\"\u00e9lu-fire\"},\"image\":{\"@id\":\"https:\\\/\\\/elu-fire.com\\\/de\\\/#\\\/schema\\\/logo\\\/image\\\/\"},\"sameAs\":[\"https:\\\/\\\/www.linkedin.com\\\/company\\\/elu-fire\\\/\"]}]}<\/script>\n<!-- \/ Yoast SEO plugin. -->","yoast_head_json":{"title":"Elu-fire Bioethanol 12x1 Liter - Neutral - Elu-fire","robots":{"index":"index","follow":"follow","max-snippet":"max-snippet:-1","max-image-preview":"max-image-preview:large","max-video-preview":"max-video-preview:-1"},"canonical":"https:\/\/elu-fire.com\/de\/produkt\/elu-fire-bioethanol-12x1-liter-neutral\/","og_locale":"de_DE","og_type":"article","og_title":"Elu-fire Bioethanol 12x1 Liter - Neutral - Elu-fire","og_description":"Kiste mit 12 Litern Ethanol Bioethanol f\u00fcr Kamine Geruchlos Reiner Alkohol &gt;95% denaturiert Organisch und sauber Brennt leise mit gelber Flamme Speziell f\u00fcr Bioethanol-Feuer gemacht 1x Box 12 x 1...","og_url":"https:\/\/elu-fire.com\/de\/produkt\/elu-fire-bioethanol-12x1-liter-neutral\/","og_site_name":"Elu-fire","og_image":[{"width":368,"height":878,"url":"https:\/\/elu-fire.com\/wp-content\/uploads\/2025\/04\/Fles-bio-ethanol-1.jpeg","type":"image\/jpeg"}],"twitter_card":"summary_large_image","schema":{"@context":"https:\/\/schema.org","@graph":[{"@type":"WebPage","@id":"https:\/\/elu-fire.com\/de\/produkt\/elu-fire-bioethanol-12x1-liter-neutral\/","url":"https:\/\/elu-fire.com\/de\/produkt\/elu-fire-bioethanol-12x1-liter-neutral\/","name":"Elu-fire Bioethanol 12x1 Liter - Neutral - Elu-fire","isPartOf":{"@id":"https:\/\/elu-fire.com\/de\/#website"},"primaryImageOfPage":{"@id":"https:\/\/elu-fire.com\/de\/produkt\/elu-fire-bioethanol-12x1-liter-neutral\/#primaryimage"},"image":{"@id":"https:\/\/elu-fire.com\/de\/produkt\/elu-fire-bioethanol-12x1-liter-neutral\/#primaryimage"},"thumbnailUrl":"https:\/\/elu-fire.com\/wp-content\/uploads\/2025\/04\/Fles-bio-ethanol-1.jpeg","datePublished":"2025-04-16T09:33:21+00:00","breadcrumb":{"@id":"https:\/\/elu-fire.com\/de\/produkt\/elu-fire-bioethanol-12x1-liter-neutral\/#breadcrumb"},"inLanguage":"de","potentialAction":[{"@type":"ReadAction","target":["https:\/\/elu-fire.com\/de\/produkt\/elu-fire-bioethanol-12x1-liter-neutral\/"]}]},{"@type":"ImageObject","inLanguage":"de","@id":"https:\/\/elu-fire.com\/de\/produkt\/elu-fire-bioethanol-12x1-liter-neutral\/#primaryimage","url":"https:\/\/elu-fire.com\/wp-content\/uploads\/2025\/04\/Fles-bio-ethanol-1.jpeg","contentUrl":"https:\/\/elu-fire.com\/wp-content\/uploads\/2025\/04\/Fles-bio-ethanol-1.jpeg","width":368,"height":878},{"@type":"BreadcrumbList","@id":"https:\/\/elu-fire.com\/de\/produkt\/elu-fire-bioethanol-12x1-liter-neutral\/#breadcrumb","itemListElement":[{"@type":"ListItem","position":1,"name":"Startseite","item":"https:\/\/elu-fire.com\/de\/startseite\/"},{"@type":"ListItem","position":2,"name":"Shop","item":"https:\/\/elu-fire.com\/winkel\/"},{"@type":"ListItem","position":3,"name":"Elu-fire Bioethanol 12&#215;1 Liter &#8211; Neutral"}]},{"@type":"WebSite","@id":"https:\/\/elu-fire.com\/de\/#website","url":"https:\/\/elu-fire.com\/de\/","name":"\u00e9lu-fire","description":"Overal een haard","publisher":{"@id":"https:\/\/elu-fire.com\/de\/#organization"},"potentialAction":[{"@type":"SearchAction","target":{"@type":"EntryPoint","urlTemplate":"https:\/\/elu-fire.com\/de\/?s={search_term_string}"},"query-input":{"@type":"PropertyValueSpecification","valueRequired":true,"valueName":"search_term_string"}}],"inLanguage":"de"},{"@type":"Organization","@id":"https:\/\/elu-fire.com\/de\/#organization","name":"\u00e9lu-fire","url":"https:\/\/elu-fire.com\/de\/","logo":{"@type":"ImageObject","inLanguage":"de","@id":"https:\/\/elu-fire.com\/de\/#\/schema\/logo\/image\/","url":"https:\/\/elu-fire.com\/wp-content\/uploads\/2023\/01\/cropped-flavicon-elufire.png","contentUrl":"https:\/\/elu-fire.com\/wp-content\/uploads\/2023\/01\/cropped-flavicon-elufire.png","width":512,"height":512,"caption":"\u00e9lu-fire"},"image":{"@id":"https:\/\/elu-fire.com\/de\/#\/schema\/logo\/image\/"},"sameAs":["https:\/\/www.linkedin.com\/company\/elu-fire\/"]}]}},"_links":{"self":[{"href":"https:\/\/elu-fire.com\/de\/wp-json\/wp\/v2\/product\/9655","targetHints":{"allow":["GET"]}}],"collection":[{"href":"https:\/\/elu-fire.com\/de\/wp-json\/wp\/v2\/product"}],"about":[{"href":"https:\/\/elu-fire.com\/de\/wp-json\/wp\/v2\/types\/product"}],"wp:featuredmedia":[{"embeddable":true,"href":"https:\/\/elu-fire.com\/de\/wp-json\/wp\/v2\/media\/5258"}],"wp:attachment":[{"href":"https:\/\/elu-fire.com\/de\/wp-json\/wp\/v2\/media?parent=9655"}],"wp:term":[{"taxonomy":"product_brand","embeddable":true,"href":"https:\/\/elu-fire.com\/de\/wp-json\/wp\/v2\/product_brand?post=9655"},{"taxonomy":"product_cat","embeddable":true,"href":"https:\/\/elu-fire.com\/de\/wp-json\/wp\/v2\/product_cat?post=9655"},{"taxonomy":"product_tag","embeddable":true,"href":"https:\/\/elu-fire.com\/de\/wp-json\/wp\/v2\/product_tag?post=9655"}],"curies":[{"name":"wp","href":"https:\/\/api.w.org\/{rel}","templated":true}]}}