{"id":8364,"date":"2023-02-01T11:56:14","date_gmt":"2023-02-01T10:56:14","guid":{"rendered":"https:\/\/elu-fire.com\/datenschutzerklaerung\/"},"modified":"2025-12-29T16:21:52","modified_gmt":"2025-12-29T15:21:52","slug":"datenschutzerklaerung","status":"publish","type":"page","link":"https:\/\/elu-fire.com\/de\/datenschutzerklaerung\/","title":{"rendered":"Datenschutzerkl\u00e4rung"},"content":{"rendered":"[vc_row type=&#8220;in_container&#8220; full_screen_row_position=&#8220;middle&#8220; column_margin=&#8220;default&#8220; column_direction=&#8220;default&#8220; column_direction_tablet=&#8220;default&#8220; column_direction_phone=&#8220;default&#8220; scene_position=&#8220;center&#8220; top_padding=&#8220;50&#8243; bottom_padding=&#8220;50&#8243; text_color=&#8220;dark&#8220; text_align=&#8220;left&#8220; row_border_radius=&#8220;none&#8220; row_border_radius_applies=&#8220;bg&#8220; overflow=&#8220;visible&#8220; overlay_strength=&#8220;0.3&#8243; gradient_direction=&#8220;left_to_right&#8220; shape_divider_position=&#8220;bottom&#8220; bg_image_animation=&#8220;none&#8220; gradient_type=&#8220;default&#8220; shape_type=&#8220;&#8220;][vc_column column_padding=&#8220;no-extra-padding&#8220; column_padding_tablet=&#8220;inherit&#8220; column_padding_phone=&#8220;inherit&#8220; column_padding_position=&#8220;all&#8220; column_element_direction_desktop=&#8220;default&#8220; column_element_spacing=&#8220;default&#8220; desktop_text_alignment=&#8220;default&#8220; tablet_text_alignment=&#8220;default&#8220; phone_text_alignment=&#8220;default&#8220; background_color_opacity=&#8220;1&#8243; background_hover_color_opacity=&#8220;1&#8243; column_backdrop_filter=&#8220;none&#8220; column_shadow=&#8220;none&#8220; column_border_radius=&#8220;none&#8220; column_link_target=&#8220;_self&#8220; column_position=&#8220;default&#8220; gradient_direction=&#8220;left_to_right&#8220; overlay_strength=&#8220;0.3&#8243; width=&#8220;1\/1&#8243; tablet_width_inherit=&#8220;default&#8220; animation_type=&#8220;default&#8220; bg_image_animation=&#8220;none&#8220; border_type=&#8220;simple&#8220; column_border_width=&#8220;none&#8220; column_border_style=&#8220;solid&#8220;][vc_column_text]\n<h3>WAS IST EIN COOKIE?<\/h3>\n<p>Wir verwenden auf dieser Website Cookies. Ein Cookie ist eine einfache kleine Datei, die mit Seiten dieser Website mitgesendet und von Ihrem Browser auf der Festplatte Ihres Computers gespeichert wird. Die darin gespeicherten Informationen k\u00f6nnen bei einem sp\u00e4teren Besuch wieder an unsere Server zur\u00fcckgesendet werden.  <\/p>\n<p>&nbsp;<\/p>\n<h3>FUNKTIONELLE COOKIES<\/h3>\n<p>Mithilfe eines funktionellen Cookies k\u00f6nnen wir Sie bei einem erneuten Besuch auf unserer Website wiedererkennen. Die Website kann dadurch speziell auf Ihre Pr\u00e4ferenzen eingestellt werden. Auch wenn Sie die Erlaubnis zum Setzen von Cookies gegeben haben, k\u00f6nnen wir uns dies mithilfe eines Cookies merken. Dadurch m\u00fcssen Sie Ihre Pr\u00e4ferenzen nicht immer wiederholen, wodurch Sie Zeit sparen und unsere Website angenehmer nutzen k\u00f6nnen. Funktionelle Cookies k\u00f6nnen Sie \u00fcber die Einstellungen Ihres Browsers l\u00f6schen.    <\/p>\n<p>&nbsp;<\/p>\n<h3>SITZUNG-COOKIES<\/h3>\n<p>Mithilfe eines Session-Cookies k\u00f6nnen wir sehen, welche Teile der Website Sie bei diesem Besuch angesehen haben. Wir k\u00f6nnen unseren Service dadurch so weit wie m\u00f6glich an das Surfverhalten unserer Besucher anpassen. Diese Cookies werden automatisch gel\u00f6scht, sobald Sie Ihren Webbrowser schlie\u00dfen.  <\/p>\n<p>&nbsp;<\/p>\n<h3>TRACKING-COOKIES<\/h3>\n<p>Mit Ihrer Zustimmung setzen wir ein Cookie auf Ihrem Ger\u00e4t, das abgerufen werden kann, sobald Sie eine Website aus unserem Netzwerk besuchen. Dadurch k\u00f6nnen wir erfahren, dass Sie neben unserer Website auch die betreffende(n) andere(n) Website(s) aus unserem Netzwerk besucht haben. Das dadurch aufgebaute Profil ist nicht mit Ihrem Namen, Ihrer Adresse, E-Mail-Adresse usw. verkn\u00fcpft, sondern dient nur dazu, Werbung auf Ihr Profil abzustimmen, damit diese so relevant wie m\u00f6glich f\u00fcr Sie ist.  <\/p>\n<p>&nbsp;<\/p>\n<h3>GOOGLE ANALYTICS<\/h3>\n<p>\u00dcber unsere Website wird ein Cookie des amerikanischen Unternehmens Google als Teil des \u201eAnalytics\u201c-Dienstes platziert. Wir nutzen diesen Dienst, um zu verfolgen und Berichte dar\u00fcber zu erhalten, wie Besucher die Website nutzen. Google kann diese Informationen an Dritte weitergeben, wenn Google gesetzlich dazu verpflichtet wird oder soweit Dritte die Informationen im Auftrag von Google verarbeiten. Wir haben hierauf keinen Einfluss. Wir haben Google nicht gestattet, die erhaltenen Analytics-Informationen f\u00fcr andere Google-Dienste zu verwenden. Die von Google gesammelten Informationen werden so weit wie m\u00f6glich anonymisiert. Ihre IP-Adresse wird ausdr\u00fccklich nicht weitergegeben. Die Informationen werden an Google \u00fcbertragen und von Google auf Servern in den Vereinigten Staaten gespeichert. Google verpflichtet sich, die Privacy-Shield-Prinzipien einzuhalten, und ist dem Privacy-Shield-Programm des US-Handelsministeriums angeschlossen. Dies bedeutet, dass ein angemessenes Schutzniveau f\u00fcr die Verarbeitung eventueller personenbezogener Daten besteht.         <\/p>\n<p>&nbsp;<\/p>\n<h3>SOZIALE MEDIEN<\/h3>\n<p>Auf unserer Website sind Schaltfl\u00e4chen enthalten, um Webseiten in sozialen Netzwerken wie Facebook, LinkedIn und Twitter zu bewerben (\u201eliken\u201c) oder zu teilen (\u201etweeten\u201c). Diese Schaltfl\u00e4chen funktionieren mithilfe von Codefragmenten, die von Facebook, LinkedIn bzw. Twitter selbst stammen. Mithilfe dieses Codes werden Cookies gesetzt. Wir haben darauf keinen Einfluss. Lesen Sie die Datenschutzerkl\u00e4rung von Facebook, LinkedIn bzw. Twitter (die sich regelm\u00e4\u00dfig \u00e4ndern kann), um zu erfahren, was diese mit Ihren (personenbezogenen) Daten tun, die sie \u00fcber diese Cookies verarbeiten.\u201c     <\/p>\n<p>\u201eDie von ihnen gesammelten Informationen werden so weit wie m\u00f6glich anonymisiert. Die Informationen werden an Twitter, Facebook, Google + und LinkedIn \u00fcbertragen und von diesen auf Servern in den Vereinigten Staaten gespeichert. LinkedIn, Twitter, Facebook und Google + verpflichten sich, die Privacy-Shield-Prinzipien einzuhalten, und sind dem Privacy-Shield-Programm des US-Handelsministeriums angeschlossen. Dies bedeutet, dass ein angemessenes Schutzniveau f\u00fcr die Verarbeitung eventueller personenbezogener Daten besteht.   <\/p>\n<p>&nbsp;<\/p>\n<h3>EINGEBETTETER INHALT<\/h3>\n<p>In Blogartikeln kann Content verwendet werden, der auf anderen Websites gehostet und auf elu-fire.nl erschlossen wird. Denken Sie hierbei an Slideshare-Pr\u00e4sentationen, YouTube-Videos und Storify. Auf \u00e4hnliche Weise wie die Social-Buttons verwenden diese Codes h\u00e4ufig Cookies. Was sie mit den Cookies und personenbezogenen Daten tun, k\u00f6nnen Sie in den Datenschutzbestimmungen des jeweiligen Dienstes finden. Wir haben hierauf keine Kontrolle. Recht auf Einsicht und Berichtigung oder L\u00f6schung Sie haben das Recht, Auskunft \u00fcber Ihre Daten sowie deren Berichtigung oder L\u00f6schung zu verlangen. Siehe hierzu unsere Kontaktseite. Um Missbrauch zu verhindern, k\u00f6nnen wir Sie bitten, sich ausreichend zu identifizieren. Wenn es um die Einsicht in personenbezogene Daten geht, die mit einem Cookie verkn\u00fcpft sind, m\u00fcssen Sie eine Kopie des betreffenden Cookies mitsenden. Sie finden diese in den Einstellungen Ihres Browsers. Aktivieren und Deaktivieren, L\u00f6schen von Cookies Weitere Informationen zum Aktivieren und Deaktivieren sowie zum L\u00f6schen von Cookies finden Sie in den Anweisungen und\/oder mithilfe der Hilfefunktion Ihres Browsers.          <\/p>\n<p>&nbsp;<\/p>\n<h3>DATENSCHUTZ-BESTIMMUNGEN<\/h3>\n<p>Elu-fire kann personenbezogene Daten \u00fcber Sie verarbeiten, weil Sie die Dienste und\/oder Produkte von Elu-fire nutzen und\/oder weil Sie diese selbst beim Ausf\u00fcllen eines Kontaktformulars auf der Website an Elu-fire \u00fcbermitteln. Elu-fire kann die folgenden personenbezogenen Daten verarbeiten: <\/p>\n<p>\u2013 Ihr Vor- und Nachname<br \/>\n\u2013 Ihre Adressdaten<br \/>\n\u2013 Ihre Telefonnummer<br \/>\n\u2013 Ihre E-Mail-Adresse<br \/>\n\u2013 Ihre IP-Adresse<\/p>\n<p>&nbsp;<\/p>\n<h3>WARUM ELU-FIRE DIESE DATEN VERWENDEN M\u00d6CHTE<\/h3>\n<p>Elu-fire verarbeitet Ihre personenbezogenen Daten, um Sie telefonisch kontaktieren zu k\u00f6nnen, wenn Sie dies w\u00fcnschen, und\/oder um Sie schriftlich (per E-Mail und\/oder per Post) kontaktieren zu k\u00f6nnen, falls Sie telefonisch unerwartet nicht erreichbar sind. Dar\u00fcber hinaus m\u00f6chten wir unsere Inhalte so weit wie m\u00f6glich an Ihre Bed\u00fcrfnisse anpassen. <\/p>\n[\/vc_column_text][\/vc_column][\/vc_row][vc_row type=&#8220;in_container&#8220; full_screen_row_position=&#8220;middle&#8220; column_margin=&#8220;default&#8220; column_direction=&#8220;default&#8220; column_direction_tablet=&#8220;default&#8220; column_direction_phone=&#8220;default&#8220; scene_position=&#8220;center&#8220; text_color=&#8220;dark&#8220; text_align=&#8220;left&#8220; row_border_radius=&#8220;none&#8220; row_border_radius_applies=&#8220;bg&#8220; overflow=&#8220;visible&#8220; overlay_strength=&#8220;0.3&#8243; gradient_direction=&#8220;left_to_right&#8220; shape_divider_position=&#8220;bottom&#8220; bg_image_animation=&#8220;none&#8220;][vc_column column_padding=&#8220;no-extra-padding&#8220; column_padding_tablet=&#8220;inherit&#8220; column_padding_phone=&#8220;inherit&#8220; column_padding_position=&#8220;all&#8220; column_element_direction_desktop=&#8220;default&#8220; column_element_spacing=&#8220;default&#8220; desktop_text_alignment=&#8220;default&#8220; tablet_text_alignment=&#8220;default&#8220; phone_text_alignment=&#8220;default&#8220; background_color_opacity=&#8220;1&#8243; background_hover_color_opacity=&#8220;1&#8243; column_backdrop_filter=&#8220;none&#8220; column_shadow=&#8220;none&#8220; column_border_radius=&#8220;none&#8220; column_link_target=&#8220;_self&#8220; column_position=&#8220;default&#8220; gradient_direction=&#8220;left_to_right&#8220; overlay_strength=&#8220;0.3&#8243; width=&#8220;1\/1&#8243; tablet_width_inherit=&#8220;default&#8220; animation_type=&#8220;default&#8220; bg_image_animation=&#8220;none&#8220; border_type=&#8220;simple&#8220; column_border_width=&#8220;none&#8220; column_border_style=&#8220;solid&#8220;][nectar_global_section id=&#8220;1018&#8243;][\/vc_column][\/vc_row]\n","protected":false},"excerpt":{"rendered":"<p>[vc_row type=&#8220;in_container&#8220; full_screen_row_position=&#8220;middle&#8220; column_margin=&#8220;default&#8220; column_direction=&#8220;default&#8220; column_direction_tablet=&#8220;default&#8220; column_direction_phone=&#8220;default&#8220; scene_position=&#8220;center&#8220; top_padding=&#8220;50&#8243; bottom_padding=&#8220;50&#8243; text_color=&#8220;dark&#8220; text_align=&#8220;left&#8220; row_border_radius=&#8220;none&#8220; row_border_radius_applies=&#8220;bg&#8220; overflow=&#8220;visible&#8220; overlay_strength=&#8220;0.3&#8243; gradient_direction=&#8220;left_to_right&#8220; shape_divider_position=&#8220;bottom&#8220; bg_image_animation=&#8220;none&#8220; gradient_type=&#8220;default&#8220; shape_type=&#8220;&#8220;][vc_column column_padding=&#8220;no-extra-padding&#8220; column_padding_tablet=&#8220;inherit&#8220; column_padding_phone=&#8220;inherit&#8220; column_padding_position=&#8220;all&#8220; column_element_direction_desktop=&#8220;default&#8220; column_element_spacing=&#8220;default&#8220; desktop_text_alignment=&#8220;default&#8220; tablet_text_alignment=&#8220;default&#8220; phone_text_alignment=&#8220;default&#8220;&#8230;<\/p>\n","protected":false},"author":5,"featured_media":0,"parent":0,"menu_order":0,"comment_status":"closed","ping_status":"closed","template":"","meta":{"footnotes":""},"class_list":["post-8364","page","type-page","status-publish"],"yoast_head":"<!-- This site is optimized with the Yoast SEO plugin v27.5 - https:\/\/yoast.com\/product\/yoast-seo-wordpress\/ -->\n<title>Datenschutzerkl\u00e4rung | \u00c9lu Fire<\/title>\n<meta name=\"description\" content=\"Lesen Sie hier mehr \u00fcber unsere Datenschutzrichtlinien.\" \/>\n<meta name=\"robots\" content=\"index, follow, max-snippet:-1, max-image-preview:large, max-video-preview:-1\" \/>\n<link rel=\"canonical\" href=\"https:\/\/elu-fire.com\/de\/datenschutzerklaerung\/\" \/>\n<meta property=\"og:locale\" content=\"de_DE\" \/>\n<meta property=\"og:type\" content=\"article\" \/>\n<meta property=\"og:title\" content=\"Datenschutzerkl\u00e4rung | \u00c9lu Fire\" \/>\n<meta property=\"og:description\" content=\"Lesen Sie hier mehr \u00fcber unsere Datenschutzrichtlinien.\" \/>\n<meta property=\"og:url\" content=\"https:\/\/elu-fire.com\/de\/datenschutzerklaerung\/\" \/>\n<meta property=\"og:site_name\" content=\"Elu-fire\" \/>\n<meta property=\"article:modified_time\" content=\"2025-12-29T15:21:52+00:00\" \/>\n<meta name=\"twitter:card\" content=\"summary_large_image\" \/>\n<meta name=\"twitter:label1\" content=\"Gesch\u00e4tzte Lesezeit\" \/>\n\t<meta name=\"twitter:data1\" content=\"6\u00a0Minuten\" \/>\n<script type=\"application\/ld+json\" class=\"yoast-schema-graph\">{\"@context\":\"https:\\\/\\\/schema.org\",\"@graph\":[{\"@type\":\"WebPage\",\"@id\":\"https:\\\/\\\/elu-fire.com\\\/de\\\/datenschutzerklaerung\\\/\",\"url\":\"https:\\\/\\\/elu-fire.com\\\/de\\\/datenschutzerklaerung\\\/\",\"name\":\"Datenschutzerkl\u00e4rung | \u00c9lu Fire\",\"isPartOf\":{\"@id\":\"https:\\\/\\\/elu-fire.com\\\/de\\\/#website\"},\"datePublished\":\"2023-02-01T10:56:14+00:00\",\"dateModified\":\"2025-12-29T15:21:52+00:00\",\"description\":\"Lesen Sie hier mehr \u00fcber unsere Datenschutzrichtlinien.\",\"breadcrumb\":{\"@id\":\"https:\\\/\\\/elu-fire.com\\\/de\\\/datenschutzerklaerung\\\/#breadcrumb\"},\"inLanguage\":\"de\",\"potentialAction\":[{\"@type\":\"ReadAction\",\"target\":[\"https:\\\/\\\/elu-fire.com\\\/de\\\/datenschutzerklaerung\\\/\"]}]},{\"@type\":\"BreadcrumbList\",\"@id\":\"https:\\\/\\\/elu-fire.com\\\/de\\\/datenschutzerklaerung\\\/#breadcrumb\",\"itemListElement\":[{\"@type\":\"ListItem\",\"position\":1,\"name\":\"Startseite\",\"item\":\"https:\\\/\\\/elu-fire.com\\\/de\\\/startseite\\\/\"},{\"@type\":\"ListItem\",\"position\":2,\"name\":\"Datenschutzerkl\u00e4rung\"}]},{\"@type\":\"WebSite\",\"@id\":\"https:\\\/\\\/elu-fire.com\\\/de\\\/#website\",\"url\":\"https:\\\/\\\/elu-fire.com\\\/de\\\/\",\"name\":\"\u00e9lu-fire\",\"description\":\"Overal een haard\",\"publisher\":{\"@id\":\"https:\\\/\\\/elu-fire.com\\\/de\\\/#organization\"},\"potentialAction\":[{\"@type\":\"SearchAction\",\"target\":{\"@type\":\"EntryPoint\",\"urlTemplate\":\"https:\\\/\\\/elu-fire.com\\\/de\\\/?s={search_term_string}\"},\"query-input\":{\"@type\":\"PropertyValueSpecification\",\"valueRequired\":true,\"valueName\":\"search_term_string\"}}],\"inLanguage\":\"de\"},{\"@type\":\"Organization\",\"@id\":\"https:\\\/\\\/elu-fire.com\\\/de\\\/#organization\",\"name\":\"\u00e9lu-fire\",\"url\":\"https:\\\/\\\/elu-fire.com\\\/de\\\/\",\"logo\":{\"@type\":\"ImageObject\",\"inLanguage\":\"de\",\"@id\":\"https:\\\/\\\/elu-fire.com\\\/de\\\/#\\\/schema\\\/logo\\\/image\\\/\",\"url\":\"https:\\\/\\\/elu-fire.com\\\/wp-content\\\/uploads\\\/2023\\\/01\\\/cropped-flavicon-elufire.png\",\"contentUrl\":\"https:\\\/\\\/elu-fire.com\\\/wp-content\\\/uploads\\\/2023\\\/01\\\/cropped-flavicon-elufire.png\",\"width\":512,\"height\":512,\"caption\":\"\u00e9lu-fire\"},\"image\":{\"@id\":\"https:\\\/\\\/elu-fire.com\\\/de\\\/#\\\/schema\\\/logo\\\/image\\\/\"},\"sameAs\":[\"https:\\\/\\\/www.linkedin.com\\\/company\\\/elu-fire\\\/\"]}]}<\/script>\n<!-- \/ Yoast SEO plugin. -->","yoast_head_json":{"title":"Datenschutzerkl\u00e4rung | \u00c9lu Fire","description":"Lesen Sie hier mehr \u00fcber unsere Datenschutzrichtlinien.","robots":{"index":"index","follow":"follow","max-snippet":"max-snippet:-1","max-image-preview":"max-image-preview:large","max-video-preview":"max-video-preview:-1"},"canonical":"https:\/\/elu-fire.com\/de\/datenschutzerklaerung\/","og_locale":"de_DE","og_type":"article","og_title":"Datenschutzerkl\u00e4rung | \u00c9lu Fire","og_description":"Lesen Sie hier mehr \u00fcber unsere Datenschutzrichtlinien.","og_url":"https:\/\/elu-fire.com\/de\/datenschutzerklaerung\/","og_site_name":"Elu-fire","article_modified_time":"2025-12-29T15:21:52+00:00","twitter_card":"summary_large_image","twitter_misc":{"Gesch\u00e4tzte Lesezeit":"6\u00a0Minuten"},"schema":{"@context":"https:\/\/schema.org","@graph":[{"@type":"WebPage","@id":"https:\/\/elu-fire.com\/de\/datenschutzerklaerung\/","url":"https:\/\/elu-fire.com\/de\/datenschutzerklaerung\/","name":"Datenschutzerkl\u00e4rung | \u00c9lu Fire","isPartOf":{"@id":"https:\/\/elu-fire.com\/de\/#website"},"datePublished":"2023-02-01T10:56:14+00:00","dateModified":"2025-12-29T15:21:52+00:00","description":"Lesen Sie hier mehr \u00fcber unsere Datenschutzrichtlinien.","breadcrumb":{"@id":"https:\/\/elu-fire.com\/de\/datenschutzerklaerung\/#breadcrumb"},"inLanguage":"de","potentialAction":[{"@type":"ReadAction","target":["https:\/\/elu-fire.com\/de\/datenschutzerklaerung\/"]}]},{"@type":"BreadcrumbList","@id":"https:\/\/elu-fire.com\/de\/datenschutzerklaerung\/#breadcrumb","itemListElement":[{"@type":"ListItem","position":1,"name":"Startseite","item":"https:\/\/elu-fire.com\/de\/startseite\/"},{"@type":"ListItem","position":2,"name":"Datenschutzerkl\u00e4rung"}]},{"@type":"WebSite","@id":"https:\/\/elu-fire.com\/de\/#website","url":"https:\/\/elu-fire.com\/de\/","name":"\u00e9lu-fire","description":"Overal een haard","publisher":{"@id":"https:\/\/elu-fire.com\/de\/#organization"},"potentialAction":[{"@type":"SearchAction","target":{"@type":"EntryPoint","urlTemplate":"https:\/\/elu-fire.com\/de\/?s={search_term_string}"},"query-input":{"@type":"PropertyValueSpecification","valueRequired":true,"valueName":"search_term_string"}}],"inLanguage":"de"},{"@type":"Organization","@id":"https:\/\/elu-fire.com\/de\/#organization","name":"\u00e9lu-fire","url":"https:\/\/elu-fire.com\/de\/","logo":{"@type":"ImageObject","inLanguage":"de","@id":"https:\/\/elu-fire.com\/de\/#\/schema\/logo\/image\/","url":"https:\/\/elu-fire.com\/wp-content\/uploads\/2023\/01\/cropped-flavicon-elufire.png","contentUrl":"https:\/\/elu-fire.com\/wp-content\/uploads\/2023\/01\/cropped-flavicon-elufire.png","width":512,"height":512,"caption":"\u00e9lu-fire"},"image":{"@id":"https:\/\/elu-fire.com\/de\/#\/schema\/logo\/image\/"},"sameAs":["https:\/\/www.linkedin.com\/company\/elu-fire\/"]}]}},"_links":{"self":[{"href":"https:\/\/elu-fire.com\/de\/wp-json\/wp\/v2\/pages\/8364","targetHints":{"allow":["GET"]}}],"collection":[{"href":"https:\/\/elu-fire.com\/de\/wp-json\/wp\/v2\/pages"}],"about":[{"href":"https:\/\/elu-fire.com\/de\/wp-json\/wp\/v2\/types\/page"}],"author":[{"embeddable":true,"href":"https:\/\/elu-fire.com\/de\/wp-json\/wp\/v2\/users\/5"}],"replies":[{"embeddable":true,"href":"https:\/\/elu-fire.com\/de\/wp-json\/wp\/v2\/comments?post=8364"}],"version-history":[{"count":5,"href":"https:\/\/elu-fire.com\/de\/wp-json\/wp\/v2\/pages\/8364\/revisions"}],"predecessor-version":[{"id":8385,"href":"https:\/\/elu-fire.com\/de\/wp-json\/wp\/v2\/pages\/8364\/revisions\/8385"}],"wp:attachment":[{"href":"https:\/\/elu-fire.com\/de\/wp-json\/wp\/v2\/media?parent=8364"}],"curies":[{"name":"wp","href":"https:\/\/api.w.org\/{rel}","templated":true}]}}