{"id":8268,"date":"2023-05-09T07:59:57","date_gmt":"2023-05-09T06:59:57","guid":{"rendered":"https:\/\/elu-fire.com\/produktkatalog\/"},"modified":"2025-12-29T16:20:44","modified_gmt":"2025-12-29T15:20:44","slug":"produktkatalog","status":"publish","type":"page","link":"https:\/\/elu-fire.com\/de\/produktkatalog\/","title":{"rendered":"Produktkatalog"},"content":{"rendered":"[vc_row type=&#8220;full_width_background&#8220; full_screen_row_position=&#8220;middle&#8220; column_margin=&#8220;default&#8220; column_direction=&#8220;default&#8220; column_direction_tablet=&#8220;default&#8220; column_direction_phone=&#8220;default&#8220; scene_position=&#8220;center&#8220; top_padding=&#8220;50&#8243; bottom_padding=&#8220;50&#8243; text_color=&#8220;dark&#8220; text_align=&#8220;left&#8220; row_border_radius=&#8220;none&#8220; row_border_radius_applies=&#8220;bg&#8220; overflow=&#8220;visible&#8220; overlay_strength=&#8220;0.3&#8243; gradient_direction=&#8220;left_to_right&#8220; shape_divider_position=&#8220;bottom&#8220; bg_image_animation=&#8220;none&#8220; gradient_type=&#8220;default&#8220; shape_type=&#8220;&#8220;][vc_column column_padding=&#8220;no-extra-padding&#8220; column_padding_tablet=&#8220;inherit&#8220; column_padding_phone=&#8220;inherit&#8220; column_padding_position=&#8220;all&#8220; column_element_direction_desktop=&#8220;default&#8220; column_element_spacing=&#8220;default&#8220; desktop_text_alignment=&#8220;default&#8220; tablet_text_alignment=&#8220;default&#8220; phone_text_alignment=&#8220;default&#8220; background_color_opacity=&#8220;1&#8243; background_hover_color_opacity=&#8220;1&#8243; column_backdrop_filter=&#8220;none&#8220; column_shadow=&#8220;none&#8220; column_border_radius=&#8220;none&#8220; column_link_target=&#8220;_self&#8220; column_position=&#8220;default&#8220; gradient_direction=&#8220;left_to_right&#8220; overlay_strength=&#8220;0.3&#8243; width=&#8220;1\/1&#8243; tablet_width_inherit=&#8220;default&#8220; animation_type=&#8220;default&#8220; bg_image_animation=&#8220;none&#8220; border_type=&#8220;simple&#8220; column_border_width=&#8220;none&#8220; column_border_style=&#8220;solid&#8220;][vc_column_text]\n<p style=\"text-align: center;\"><strong>Sehen Sie sich hier unseren Produktkatalog an.<\/strong><br \/>\n<span style=\"font-weight: 400;\">M\u00f6chten Sie Ihre Wohnsituation und M\u00f6glichkeiten mit unseren Kaminspezialisten besprechen?<br \/>\nBesuchen Sie <a href=\"https:\/\/elu-fire.com\/elu-fire-dealers\/\">einen unserer H\u00e4ndler<\/a>, sie beraten Sie gerne.<\/span><\/p>\n[\/vc_column_text][\/vc_column][\/vc_row][vc_row type=&#8220;full_width_content&#8220; full_screen_row_position=&#8220;middle&#8220; column_margin=&#8220;default&#8220; column_direction=&#8220;default&#8220; column_direction_tablet=&#8220;default&#8220; column_direction_phone=&#8220;default&#8220; scene_position=&#8220;center&#8220; text_color=&#8220;dark&#8220; text_align=&#8220;left&#8220; row_border_radius=&#8220;none&#8220; row_border_radius_applies=&#8220;bg&#8220; overflow=&#8220;visible&#8220; overlay_strength=&#8220;0.3&#8243; gradient_direction=&#8220;left_to_right&#8220; shape_divider_position=&#8220;bottom&#8220; bg_image_animation=&#8220;none&#8220; gradient_type=&#8220;default&#8220; shape_type=&#8220;&#8220;][vc_column column_padding=&#8220;no-extra-padding&#8220; column_padding_tablet=&#8220;inherit&#8220; column_padding_phone=&#8220;inherit&#8220; column_padding_position=&#8220;all&#8220; column_element_direction_desktop=&#8220;default&#8220; column_element_spacing=&#8220;default&#8220; desktop_text_alignment=&#8220;default&#8220; tablet_text_alignment=&#8220;default&#8220; phone_text_alignment=&#8220;default&#8220; background_color_opacity=&#8220;1&#8243; background_hover_color_opacity=&#8220;1&#8243; column_backdrop_filter=&#8220;none&#8220; column_shadow=&#8220;none&#8220; column_border_radius=&#8220;none&#8220; column_link_target=&#8220;_self&#8220; column_position=&#8220;default&#8220; gradient_direction=&#8220;left_to_right&#8220; overlay_strength=&#8220;0.3&#8243; width=&#8220;1\/1&#8243; tablet_width_inherit=&#8220;default&#8220; animation_type=&#8220;default&#8220; bg_image_animation=&#8220;none&#8220; border_type=&#8220;simple&#8220; column_border_width=&#8220;none&#8220; column_border_style=&#8220;solid&#8220;][vc_raw_html]PGRpdiBpZD0icHVibGl0YXMtZW1iZWQtcTdmMGNucGVxOCI+PC9kaXY+PHNjcmlwdCBkYXRhLWNmYXN5bmM9ImZhbHNlIiBkYXRhLWhlaWdodD0idW5kZWZpbmVkIiBkYXRhLXB1YmxpY2F0aW9uPSJodHRwczovL3ZpZXcucHVibGl0YXMuY29tL3B1Ymxpay1yZWNsYW1lYnVyZWF1L2VsdS1maXJlLXByb2R1Y3RjYXRhbG9ndXMvIiBkYXRhLXB1YmxpY2F0aW9uLWFzcGVjdC1yYXRpbz0iMi44Mjc2Mzc0NDQyNzkzNDY0IiBkYXRhLXJlc3BvbnNpdmU9InRydWUiIGRhdGEtd2lkdGg9InVuZGVmaW5lZCIgZGF0YS13cmFwcGVyLWlkPSJwdWJsaXRhcy1lbWJlZC1xN2YwY25wZXE4IiBwdWJsaXRhcy1lbWJlZD0iIiBzcmM9Imh0dHBzOi8vdmlldy5wdWJsaXRhcy5jb20vZW1iZWQuanMiIHR5cGU9InRleHQvamF2YXNjcmlwdCI+PC9zY3JpcHQ+[\/vc_raw_html][\/vc_column][\/vc_row][vc_row type=&#8220;full_width_background&#8220; full_screen_row_position=&#8220;middle&#8220; column_margin=&#8220;default&#8220; column_direction=&#8220;default&#8220; column_direction_tablet=&#8220;default&#8220; column_direction_phone=&#8220;default&#8220; scene_position=&#8220;center&#8220; top_padding=&#8220;50&#8243; bottom_padding=&#8220;50&#8243; text_color=&#8220;dark&#8220; text_align=&#8220;left&#8220; row_border_radius=&#8220;none&#8220; row_border_radius_applies=&#8220;bg&#8220; overflow=&#8220;visible&#8220; overlay_strength=&#8220;0.3&#8243; gradient_direction=&#8220;left_to_right&#8220; shape_divider_position=&#8220;bottom&#8220; bg_image_animation=&#8220;none&#8220; gradient_type=&#8220;default&#8220; shape_type=&#8220;&#8220;][vc_column column_padding=&#8220;no-extra-padding&#8220; column_padding_tablet=&#8220;inherit&#8220; column_padding_phone=&#8220;inherit&#8220; column_padding_position=&#8220;all&#8220; column_element_direction_desktop=&#8220;default&#8220; column_element_spacing=&#8220;default&#8220; desktop_text_alignment=&#8220;default&#8220; tablet_text_alignment=&#8220;default&#8220; phone_text_alignment=&#8220;default&#8220; background_color_opacity=&#8220;1&#8243; background_hover_color_opacity=&#8220;1&#8243; column_backdrop_filter=&#8220;none&#8220; column_shadow=&#8220;none&#8220; column_border_radius=&#8220;none&#8220; column_link_target=&#8220;_self&#8220; column_position=&#8220;default&#8220; gradient_direction=&#8220;left_to_right&#8220; overlay_strength=&#8220;0.3&#8243; width=&#8220;1\/1&#8243; tablet_width_inherit=&#8220;default&#8220; animation_type=&#8220;default&#8220; bg_image_animation=&#8220;none&#8220; border_type=&#8220;simple&#8220; column_border_width=&#8220;none&#8220; column_border_style=&#8220;solid&#8220;][\/vc_column][\/vc_row][vc_row type=&#8220;full_width_content&#8220; full_screen_row_position=&#8220;middle&#8220; column_margin=&#8220;default&#8220; column_direction=&#8220;default&#8220; column_direction_tablet=&#8220;default&#8220; column_direction_phone=&#8220;default&#8220; scene_position=&#8220;center&#8220; top_padding=&#8220;10%&#8220; bottom_padding=&#8220;5%&#8220; left_padding_desktop=&#8220;27%&#8220; constrain_group_2=&#8220;yes&#8220; right_padding_desktop=&#8220;27%&#8220; top_padding_tablet=&#8220;20%&#8220; bottom_padding_tablet=&#8220;10%&#8220; left_padding_tablet=&#8220;20%&#8220; constrain_group_4=&#8220;yes&#8220; right_padding_tablet=&#8220;20%&#8220; left_padding_phone=&#8220;6%&#8220; constrain_group_6=&#8220;yes&#8220; right_padding_phone=&#8220;6%&#8220; text_color=&#8220;dark&#8220; text_align=&#8220;left&#8220; row_border_radius=&#8220;none&#8220; row_border_radius_applies=&#8220;bg&#8220; overflow=&#8220;visible&#8220; disable_element=&#8220;yes&#8220; advanced_gradient_angle=&#8220;0&#8243; overlay_strength=&#8220;0.3&#8243; gradient_direction=&#8220;left_to_right&#8220; shape_divider_position=&#8220;bottom&#8220; bg_image_animation=&#8220;none&#8220; gradient_type=&#8220;default&#8220; shape_type=&#8220;&#8220;][vc_column column_padding=&#8220;no-extra-padding&#8220; column_padding_tablet=&#8220;inherit&#8220; column_padding_phone=&#8220;inherit&#8220; column_padding_position=&#8220;all&#8220; column_element_direction_desktop=&#8220;default&#8220; column_element_spacing=&#8220;0px&#8220; centered_text=&#8220;true&#8220; desktop_text_alignment=&#8220;default&#8220; tablet_text_alignment=&#8220;default&#8220; phone_text_alignment=&#8220;default&#8220; background_color_opacity=&#8220;1&#8243; background_hover_color_opacity=&#8220;1&#8243; column_backdrop_filter=&#8220;none&#8220; column_shadow=&#8220;none&#8220; column_border_radius=&#8220;none&#8220; column_link_target=&#8220;_self&#8220; column_position=&#8220;default&#8220; advanced_gradient_angle=&#8220;0&#8243; gradient_direction=&#8220;left_to_right&#8220; overlay_strength=&#8220;0.3&#8243; width=&#8220;1\/1&#8243; tablet_width_inherit=&#8220;default&#8220; animation_type=&#8220;default&#8220; bg_image_animation=&#8220;none&#8220; border_type=&#8220;simple&#8220; column_border_width=&#8220;none&#8220; column_border_style=&#8220;solid&#8220; gradient_type=&#8220;default&#8220;][vc_row_inner column_margin=&#8220;20px&#8220; column_direction=&#8220;default&#8220; column_direction_tablet=&#8220;default&#8220; column_direction_phone=&#8220;default&#8220; text_align=&#8220;left&#8220; row_position=&#8220;default&#8220; row_position_tablet=&#8220;inherit&#8220; row_position_phone=&#8220;inherit&#8220; overflow=&#8220;visible&#8220; pointer_events=&#8220;all&#8220;][vc_column_inner column_padding=&#8220;no-extra-padding&#8220; column_padding_tablet=&#8220;inherit&#8220; column_padding_phone=&#8220;inherit&#8220; column_padding_position=&#8220;all&#8220; bottom_margin=&#8220;20&#8243; column_element_direction_desktop=&#8220;default&#8220; column_element_spacing=&#8220;0px&#8220; desktop_text_alignment=&#8220;default&#8220; tablet_text_alignment=&#8220;default&#8220; phone_text_alignment=&#8220;default&#8220; background_color_opacity=&#8220;1&#8243; background_hover_color_opacity=&#8220;1&#8243; column_backdrop_filter=&#8220;none&#8220; column_shadow=&#8220;none&#8220; column_border_radius=&#8220;none&#8220; column_link_target=&#8220;_self&#8220; overflow=&#8220;visible&#8220; advanced_gradient_angle=&#8220;0&#8243; gradient_direction=&#8220;left_to_right&#8220; overlay_strength=&#8220;0.3&#8243; width=&#8220;1\/1&#8243; tablet_width_inherit=&#8220;default&#8220; animation_type=&#8220;default&#8220; enable_animation=&#8220;true&#8220; animation=&#8220;fade-in-from-bottom&#8220; animation_easing=&#8220;default&#8220; bg_image_animation=&#8220;none&#8220; border_type=&#8220;simple&#8220; column_border_width=&#8220;none&#8220; column_border_style=&#8220;solid&#8220; gradient_type=&#8220;default&#8220; animation_offset=&#8220;80%&#8220;][vc_column_text]\n<h5><strong>DAS MACHE ICH<\/strong><\/h5>\n[\/vc_column_text][\/vc_column_inner][\/vc_row_inner][split_line_heading animation_type=&#8220;line-reveal-by-space&#8220; font_style=&#8220;h2&#8243; line_reveal_by_space_text_effect=&#8220;default&#8220; stagger_animation=&#8220;true&#8220; content_alignment=&#8220;default&#8220; mobile_content_alignment=&#8220;inherit&#8220; link_target=&#8220;_self&#8220; text_content=&#8220;Willkommen bei Studio Coco, dem Innenarchitekturb\u00fcro, das Ihre R\u00e4umlichkeiten einteilt und einrichtet, damit Sie dort wunderbar wohnen oder arbeiten k\u00f6nnen.&#8220; font_size=&#8220;4vw&#8220; font_size_phone=&#8220;10vw&#8220;][\/split_line_heading][\/vc_column][\/vc_row][vc_row type=&#8220;in_container&#8220; full_screen_row_position=&#8220;middle&#8220; column_margin=&#8220;default&#8220; column_direction=&#8220;default&#8220; column_direction_tablet=&#8220;default&#8220; column_direction_phone=&#8220;default&#8220; scene_position=&#8220;center&#8220; text_color=&#8220;dark&#8220; text_align=&#8220;left&#8220; row_border_radius=&#8220;none&#8220; row_border_radius_applies=&#8220;bg&#8220; overflow=&#8220;visible&#8220; overlay_strength=&#8220;0.3&#8243; gradient_direction=&#8220;left_to_right&#8220; shape_divider_position=&#8220;bottom&#8220; bg_image_animation=&#8220;none&#8220;][vc_column column_padding=&#8220;no-extra-padding&#8220; column_padding_tablet=&#8220;inherit&#8220; column_padding_phone=&#8220;inherit&#8220; column_padding_position=&#8220;all&#8220; column_element_direction_desktop=&#8220;default&#8220; column_element_spacing=&#8220;default&#8220; desktop_text_alignment=&#8220;default&#8220; tablet_text_alignment=&#8220;default&#8220; phone_text_alignment=&#8220;default&#8220; background_color_opacity=&#8220;1&#8243; background_hover_color_opacity=&#8220;1&#8243; column_backdrop_filter=&#8220;none&#8220; column_shadow=&#8220;none&#8220; column_border_radius=&#8220;none&#8220; column_link_target=&#8220;_self&#8220; column_position=&#8220;default&#8220; gradient_direction=&#8220;left_to_right&#8220; overlay_strength=&#8220;0.3&#8243; width=&#8220;1\/1&#8243; tablet_width_inherit=&#8220;default&#8220; animation_type=&#8220;default&#8220; bg_image_animation=&#8220;none&#8220; border_type=&#8220;simple&#8220; column_border_width=&#8220;none&#8220; column_border_style=&#8220;solid&#8220;][nectar_global_section id=&#8220;1018&#8243;][\/vc_column][\/vc_row]\n","protected":false},"excerpt":{"rendered":"<p>[vc_row type=&#8220;full_width_background&#8220; full_screen_row_position=&#8220;middle&#8220; column_margin=&#8220;default&#8220; column_direction=&#8220;default&#8220; column_direction_tablet=&#8220;default&#8220; column_direction_phone=&#8220;default&#8220; scene_position=&#8220;center&#8220; top_padding=&#8220;50&#8243; bottom_padding=&#8220;50&#8243; text_color=&#8220;dark&#8220; text_align=&#8220;left&#8220; row_border_radius=&#8220;none&#8220; row_border_radius_applies=&#8220;bg&#8220; overflow=&#8220;visible&#8220; overlay_strength=&#8220;0.3&#8243; gradient_direction=&#8220;left_to_right&#8220; shape_divider_position=&#8220;bottom&#8220; bg_image_animation=&#8220;none&#8220; gradient_type=&#8220;default&#8220; shape_type=&#8220;&#8220;][vc_column column_padding=&#8220;no-extra-padding&#8220; column_padding_tablet=&#8220;inherit&#8220; column_padding_phone=&#8220;inherit&#8220; column_padding_position=&#8220;all&#8220; column_element_direction_desktop=&#8220;default&#8220; column_element_spacing=&#8220;default&#8220; desktop_text_alignment=&#8220;default&#8220; tablet_text_alignment=&#8220;default&#8220; phone_text_alignment=&#8220;default&#8220;&#8230;<\/p>\n","protected":false},"author":5,"featured_media":0,"parent":0,"menu_order":0,"comment_status":"closed","ping_status":"closed","template":"","meta":{"footnotes":""},"class_list":["post-8268","page","type-page","status-publish"],"yoast_head":"<!-- This site is optimized with the Yoast SEO plugin v27.4 - https:\/\/yoast.com\/product\/yoast-seo-wordpress\/ -->\n<title>Produktkatalog | Elu Fire<\/title>\n<meta name=\"description\" content=\"Sehen Sie sich unseren kompletten Produktkatalog online an und\/oder laden Sie ihn herunter. Umfangreiche Kollektion von Wassernebel- und Bioethanol-Kaminen.\" \/>\n<meta name=\"robots\" content=\"index, follow, max-snippet:-1, max-image-preview:large, max-video-preview:-1\" \/>\n<link rel=\"canonical\" href=\"https:\/\/elu-fire.com\/de\/produktkatalog\/\" \/>\n<meta property=\"og:locale\" content=\"de_DE\" \/>\n<meta property=\"og:type\" content=\"article\" \/>\n<meta property=\"og:title\" content=\"Produktkatalog | Elu Fire\" \/>\n<meta property=\"og:description\" content=\"Sehen Sie sich unseren kompletten Produktkatalog online an und\/oder laden Sie ihn herunter. Umfangreiche Kollektion von Wassernebel- und Bioethanol-Kaminen.\" \/>\n<meta property=\"og:url\" content=\"https:\/\/elu-fire.com\/de\/produktkatalog\/\" \/>\n<meta property=\"og:site_name\" content=\"Elu-fire\" \/>\n<meta property=\"article:modified_time\" content=\"2025-12-29T15:20:44+00:00\" \/>\n<meta name=\"twitter:card\" content=\"summary_large_image\" \/>\n<meta name=\"twitter:label1\" content=\"Gesch\u00e4tzte Lesezeit\" \/>\n\t<meta name=\"twitter:data1\" content=\"6\u00a0Minuten\" \/>\n<script type=\"application\/ld+json\" class=\"yoast-schema-graph\">{\"@context\":\"https:\\\/\\\/schema.org\",\"@graph\":[{\"@type\":\"WebPage\",\"@id\":\"https:\\\/\\\/elu-fire.com\\\/de\\\/produktkatalog\\\/\",\"url\":\"https:\\\/\\\/elu-fire.com\\\/de\\\/produktkatalog\\\/\",\"name\":\"Produktkatalog | Elu Fire\",\"isPartOf\":{\"@id\":\"https:\\\/\\\/elu-fire.com\\\/de\\\/#website\"},\"datePublished\":\"2023-05-09T06:59:57+00:00\",\"dateModified\":\"2025-12-29T15:20:44+00:00\",\"description\":\"Sehen Sie sich unseren kompletten Produktkatalog online an und\\\/oder laden Sie ihn herunter. Umfangreiche Kollektion von Wassernebel- und Bioethanol-Kaminen.\",\"breadcrumb\":{\"@id\":\"https:\\\/\\\/elu-fire.com\\\/de\\\/produktkatalog\\\/#breadcrumb\"},\"inLanguage\":\"de\",\"potentialAction\":[{\"@type\":\"ReadAction\",\"target\":[\"https:\\\/\\\/elu-fire.com\\\/de\\\/produktkatalog\\\/\"]}]},{\"@type\":\"BreadcrumbList\",\"@id\":\"https:\\\/\\\/elu-fire.com\\\/de\\\/produktkatalog\\\/#breadcrumb\",\"itemListElement\":[{\"@type\":\"ListItem\",\"position\":1,\"name\":\"Startseite\",\"item\":\"https:\\\/\\\/elu-fire.com\\\/de\\\/startseite\\\/\"},{\"@type\":\"ListItem\",\"position\":2,\"name\":\"Produktkatalog\"}]},{\"@type\":\"WebSite\",\"@id\":\"https:\\\/\\\/elu-fire.com\\\/de\\\/#website\",\"url\":\"https:\\\/\\\/elu-fire.com\\\/de\\\/\",\"name\":\"\u00e9lu-fire\",\"description\":\"Overal een haard\",\"publisher\":{\"@id\":\"https:\\\/\\\/elu-fire.com\\\/de\\\/#organization\"},\"potentialAction\":[{\"@type\":\"SearchAction\",\"target\":{\"@type\":\"EntryPoint\",\"urlTemplate\":\"https:\\\/\\\/elu-fire.com\\\/de\\\/?s={search_term_string}\"},\"query-input\":{\"@type\":\"PropertyValueSpecification\",\"valueRequired\":true,\"valueName\":\"search_term_string\"}}],\"inLanguage\":\"de\"},{\"@type\":\"Organization\",\"@id\":\"https:\\\/\\\/elu-fire.com\\\/de\\\/#organization\",\"name\":\"\u00e9lu-fire\",\"url\":\"https:\\\/\\\/elu-fire.com\\\/de\\\/\",\"logo\":{\"@type\":\"ImageObject\",\"inLanguage\":\"de\",\"@id\":\"https:\\\/\\\/elu-fire.com\\\/de\\\/#\\\/schema\\\/logo\\\/image\\\/\",\"url\":\"https:\\\/\\\/elu-fire.com\\\/wp-content\\\/uploads\\\/2023\\\/01\\\/cropped-flavicon-elufire.png\",\"contentUrl\":\"https:\\\/\\\/elu-fire.com\\\/wp-content\\\/uploads\\\/2023\\\/01\\\/cropped-flavicon-elufire.png\",\"width\":512,\"height\":512,\"caption\":\"\u00e9lu-fire\"},\"image\":{\"@id\":\"https:\\\/\\\/elu-fire.com\\\/de\\\/#\\\/schema\\\/logo\\\/image\\\/\"},\"sameAs\":[\"https:\\\/\\\/www.linkedin.com\\\/company\\\/elu-fire\\\/\"]}]}<\/script>\n<!-- \/ Yoast SEO plugin. -->","yoast_head_json":{"title":"Produktkatalog | Elu Fire","description":"Sehen Sie sich unseren kompletten Produktkatalog online an und\/oder laden Sie ihn herunter. Umfangreiche Kollektion von Wassernebel- und Bioethanol-Kaminen.","robots":{"index":"index","follow":"follow","max-snippet":"max-snippet:-1","max-image-preview":"max-image-preview:large","max-video-preview":"max-video-preview:-1"},"canonical":"https:\/\/elu-fire.com\/de\/produktkatalog\/","og_locale":"de_DE","og_type":"article","og_title":"Produktkatalog | Elu Fire","og_description":"Sehen Sie sich unseren kompletten Produktkatalog online an und\/oder laden Sie ihn herunter. Umfangreiche Kollektion von Wassernebel- und Bioethanol-Kaminen.","og_url":"https:\/\/elu-fire.com\/de\/produktkatalog\/","og_site_name":"Elu-fire","article_modified_time":"2025-12-29T15:20:44+00:00","twitter_card":"summary_large_image","twitter_misc":{"Gesch\u00e4tzte Lesezeit":"6\u00a0Minuten"},"schema":{"@context":"https:\/\/schema.org","@graph":[{"@type":"WebPage","@id":"https:\/\/elu-fire.com\/de\/produktkatalog\/","url":"https:\/\/elu-fire.com\/de\/produktkatalog\/","name":"Produktkatalog | Elu Fire","isPartOf":{"@id":"https:\/\/elu-fire.com\/de\/#website"},"datePublished":"2023-05-09T06:59:57+00:00","dateModified":"2025-12-29T15:20:44+00:00","description":"Sehen Sie sich unseren kompletten Produktkatalog online an und\/oder laden Sie ihn herunter. Umfangreiche Kollektion von Wassernebel- und Bioethanol-Kaminen.","breadcrumb":{"@id":"https:\/\/elu-fire.com\/de\/produktkatalog\/#breadcrumb"},"inLanguage":"de","potentialAction":[{"@type":"ReadAction","target":["https:\/\/elu-fire.com\/de\/produktkatalog\/"]}]},{"@type":"BreadcrumbList","@id":"https:\/\/elu-fire.com\/de\/produktkatalog\/#breadcrumb","itemListElement":[{"@type":"ListItem","position":1,"name":"Startseite","item":"https:\/\/elu-fire.com\/de\/startseite\/"},{"@type":"ListItem","position":2,"name":"Produktkatalog"}]},{"@type":"WebSite","@id":"https:\/\/elu-fire.com\/de\/#website","url":"https:\/\/elu-fire.com\/de\/","name":"\u00e9lu-fire","description":"Overal een haard","publisher":{"@id":"https:\/\/elu-fire.com\/de\/#organization"},"potentialAction":[{"@type":"SearchAction","target":{"@type":"EntryPoint","urlTemplate":"https:\/\/elu-fire.com\/de\/?s={search_term_string}"},"query-input":{"@type":"PropertyValueSpecification","valueRequired":true,"valueName":"search_term_string"}}],"inLanguage":"de"},{"@type":"Organization","@id":"https:\/\/elu-fire.com\/de\/#organization","name":"\u00e9lu-fire","url":"https:\/\/elu-fire.com\/de\/","logo":{"@type":"ImageObject","inLanguage":"de","@id":"https:\/\/elu-fire.com\/de\/#\/schema\/logo\/image\/","url":"https:\/\/elu-fire.com\/wp-content\/uploads\/2023\/01\/cropped-flavicon-elufire.png","contentUrl":"https:\/\/elu-fire.com\/wp-content\/uploads\/2023\/01\/cropped-flavicon-elufire.png","width":512,"height":512,"caption":"\u00e9lu-fire"},"image":{"@id":"https:\/\/elu-fire.com\/de\/#\/schema\/logo\/image\/"},"sameAs":["https:\/\/www.linkedin.com\/company\/elu-fire\/"]}]}},"_links":{"self":[{"href":"https:\/\/elu-fire.com\/de\/wp-json\/wp\/v2\/pages\/8268","targetHints":{"allow":["GET"]}}],"collection":[{"href":"https:\/\/elu-fire.com\/de\/wp-json\/wp\/v2\/pages"}],"about":[{"href":"https:\/\/elu-fire.com\/de\/wp-json\/wp\/v2\/types\/page"}],"author":[{"embeddable":true,"href":"https:\/\/elu-fire.com\/de\/wp-json\/wp\/v2\/users\/5"}],"replies":[{"embeddable":true,"href":"https:\/\/elu-fire.com\/de\/wp-json\/wp\/v2\/comments?post=8268"}],"version-history":[{"count":2,"href":"https:\/\/elu-fire.com\/de\/wp-json\/wp\/v2\/pages\/8268\/revisions"}],"predecessor-version":[{"id":8273,"href":"https:\/\/elu-fire.com\/de\/wp-json\/wp\/v2\/pages\/8268\/revisions\/8273"}],"wp:attachment":[{"href":"https:\/\/elu-fire.com\/de\/wp-json\/wp\/v2\/media?parent=8268"}],"curies":[{"name":"wp","href":"https:\/\/api.w.org\/{rel}","templated":true}]}}