{"id":8266,"date":"2023-06-20T14:10:00","date_gmt":"2023-06-20T13:10:00","guid":{"rendered":"https:\/\/elu-fire.com\/kaminanmeldung\/"},"modified":"2025-12-29T16:20:44","modified_gmt":"2025-12-29T15:20:44","slug":"kaminanmeldung","status":"publish","type":"page","link":"https:\/\/elu-fire.com\/de\/kaminanmeldung\/","title":{"rendered":"Kaminanmeldung"},"content":{"rendered":"[vc_row type=&#8220;full_width_content&#8220; full_screen_row_position=&#8220;middle&#8220; column_margin=&#8220;default&#8220; equal_height=&#8220;yes&#8220; content_placement=&#8220;middle&#8220; column_direction=&#8220;default&#8220; column_direction_tablet=&#8220;default&#8220; column_direction_phone=&#8220;default&#8220; bg_color=&#8220;#262626&#8243; scene_position=&#8220;center&#8220; top_padding_phone=&#8220;0&#8243; bottom_padding_phone=&#8220;0&#8243; left_padding_phone=&#8220;0&#8243; right_padding_phone=&#8220;0&#8243; text_color=&#8220;light&#8220; text_align=&#8220;left&#8220; row_border_radius=&#8220;none&#8220; row_border_radius_applies=&#8220;bg&#8220; overflow=&#8220;visible&#8220; overlay_strength=&#8220;0.3&#8243; gradient_direction=&#8220;left_to_right&#8220; shape_divider_position=&#8220;bottom&#8220; bg_image_animation=&#8220;none&#8220; background_color=&#8220;#171920&#8243; gradient_type=&#8220;default&#8220; shape_type=&#8220;&#8220;][vc_column column_element_direction_desktop=&#8220;default&#8220; column_element_spacing=&#8220;default&#8220; desktop_text_alignment=&#8220;default&#8220; tablet_text_alignment=&#8220;default&#8220; phone_text_alignment=&#8220;default&#8220; background_color=&#8220;#262626&#8243; background_color_opacity=&#8220;1&#8243; background_hover_color_opacity=&#8220;1&#8243; column_backdrop_filter=&#8220;none&#8220; column_shadow=&#8220;none&#8220; column_border_radius=&#8220;none&#8220; column_link_target=&#8220;_self&#8220; column_position=&#8220;default&#8220; gradient_direction=&#8220;left_to_right&#8220; overlay_strength=&#8220;0.3&#8243; width=&#8220;1\/1&#8243; tablet_width_inherit=&#8220;default&#8220; animation_type=&#8220;default&#8220; bg_image_animation=&#8220;none&#8220; border_type=&#8220;simple&#8220; column_border_width=&#8220;none&#8220; column_border_style=&#8220;solid&#8220; column_padding_type=&#8220;advanced&#8220; gradient_type=&#8220;default&#8220; offset=&#8220;vc_col-lg-6 vc_col-md-12&#8243;][vc_row_inner column_margin=&#8220;default&#8220; column_direction=&#8220;default&#8220; column_direction_tablet=&#8220;default&#8220; column_direction_phone=&#8220;default&#8220; left_padding_desktop=&#8220;100px&#8220; right_padding_desktop=&#8220;100 px&#8220; left_padding_phone=&#8220;13&#8243; right_padding_phone=&#8220;25&#8243; text_align=&#8220;left&#8220; row_position=&#8220;default&#8220; row_position_tablet=&#8220;inherit&#8220; row_position_phone=&#8220;inherit&#8220; overflow=&#8220;visible&#8220; pointer_events=&#8220;all&#8220;][vc_column_inner left_padding_phone=&#8220;15&#8243; column_element_direction_desktop=&#8220;default&#8220; column_element_spacing=&#8220;default&#8220; desktop_text_alignment=&#8220;default&#8220; tablet_text_alignment=&#8220;default&#8220; phone_text_alignment=&#8220;default&#8220; background_color_opacity=&#8220;1&#8243; background_hover_color_opacity=&#8220;1&#8243; column_backdrop_filter=&#8220;none&#8220; font_color=&#8220;#ffffff&#8220; column_shadow=&#8220;none&#8220; column_border_radius=&#8220;none&#8220; column_link_target=&#8220;_self&#8220; overflow=&#8220;visible&#8220; gradient_direction=&#8220;left_to_right&#8220; overlay_strength=&#8220;0.3&#8243; width=&#8220;1\/1&#8243; tablet_width_inherit=&#8220;default&#8220; animation_type=&#8220;default&#8220; enable_animation=&#8220;true&#8220; animation=&#8220;fade-in-from-left&#8220; animation_easing=&#8220;default&#8220; bg_image_animation=&#8220;none&#8220; border_type=&#8220;simple&#8220; column_border_width=&#8220;none&#8220; column_border_style=&#8220;solid&#8220; delay=&#8220;500&#8243; column_padding_type=&#8220;advanced&#8220; gradient_type=&#8220;default&#8220;][divider line_type=&#8220;No Line&#8220; custom_height=&#8220;25&#8243; custom_height_phone=&#8220;10&#8243; custom_height_tablet=&#8220;25&#8243;][image_with_animation image_url=&#8220;1123&#8243; image_size=&#8220;full&#8220; animation_type=&#8220;entrance&#8220; animation=&#8220;None&#8220; animation_movement_type=&#8220;transform_y&#8220; hover_animation=&#8220;none&#8220; alignment=&#8220;&#8220; border_radius=&#8220;none&#8220; box_shadow=&#8220;none&#8220; image_loading=&#8220;default&#8220; max_width=&#8220;custom&#8220; max_width_custom=&#8220;200&#8243; margin_left=&#8220;-15&#8243; max_width_custom_phone=&#8220;170&#8243; img_link=&#8220;https:\/\/elu-fire.com\/&#8220;][divider line_type=&#8220;No Line&#8220; custom_height=&#8220;25&#8243; custom_height_phone=&#8220;0&#8243;][vc_column_text max_width=&#8220;300&#8243;]\n<h4 class=\"p1\"><span class=\"s1\" style=\"color: #9a7356;\"><b>\u00dcberall ein Kamin<\/b><\/span><\/h4>\n[\/vc_column_text][divider line_type=&#8220;No Line&#8220; custom_height=&#8220;10vh&#8220; custom_height_phone=&#8220;25&#8243;][vc_column_text max_width=&#8220;700&#8243;]\n<h1 class=\"p1\"><span style=\"color: #9a7356;\">Anmelden<\/span><\/h1>\n<p>Wie sch\u00f6n, dass Sie einen Elu-fire Kamin eingezeichnet haben und den Kunden anmelden m\u00f6chten! Vielen Dank f\u00fcr Ihre M\u00fche. Lassen Sie uns gemeinsam versuchen, die Lieferung eines Elu-fire Kamins, wie von Ihnen eingezeichnet, zu realisieren. Wir belohnen Sie hierf\u00fcr gerne mit einem Betrag von 200 \u20ac (der Betrag wird nach Auslieferung und Bezahlung des Ger\u00e4ts \u00fcberwiesen).[\/vc_column_text][divider line_type=&#8220;No Line&#8220; custom_height=&#8220;5vh&#8220; custom_height_phone=&#8220;25&#8243;][vc_raw_html]W2ZsdWVudGZvcm0gaWQ9IjgiXQ==[\/vc_raw_html][divider line_type=&#8220;No Line&#8220; custom_height=&#8220;10vh&#8220;][\/vc_column_inner][\/vc_row_inner][\/vc_column][\/vc_row]\n","protected":false},"excerpt":{"rendered":"<p>[vc_row type=&#8220;full_width_content&#8220; full_screen_row_position=&#8220;middle&#8220; column_margin=&#8220;default&#8220; equal_height=&#8220;yes&#8220; content_placement=&#8220;middle&#8220; column_direction=&#8220;default&#8220; column_direction_tablet=&#8220;default&#8220; column_direction_phone=&#8220;default&#8220; bg_color=&#8220;#262626&#8243; scene_position=&#8220;center&#8220; top_padding_phone=&#8220;0&#8243; bottom_padding_phone=&#8220;0&#8243; left_padding_phone=&#8220;0&#8243; right_padding_phone=&#8220;0&#8243; text_color=&#8220;light&#8220; text_align=&#8220;left&#8220; row_border_radius=&#8220;none&#8220; row_border_radius_applies=&#8220;bg&#8220; overflow=&#8220;visible&#8220; overlay_strength=&#8220;0.3&#8243; gradient_direction=&#8220;left_to_right&#8220; shape_divider_position=&#8220;bottom&#8220; bg_image_animation=&#8220;none&#8220; background_color=&#8220;#171920&#8243; gradient_type=&#8220;default&#8220; shape_type=&#8220;&#8220;][vc_column column_element_direction_desktop=&#8220;default&#8220; column_element_spacing=&#8220;default&#8220; desktop_text_alignment=&#8220;default&#8220;&#8230;<\/p>\n","protected":false},"author":5,"featured_media":0,"parent":0,"menu_order":0,"comment_status":"closed","ping_status":"closed","template":"template-no-header.php","meta":{"footnotes":""},"class_list":["post-8266","page","type-page","status-publish"],"yoast_head":"<!-- This site is optimized with the Yoast SEO plugin v27.5 - https:\/\/yoast.com\/product\/yoast-seo-wordpress\/ -->\n<title>Kaminanmeldung - Elu-fire<\/title>\n<meta name=\"robots\" content=\"index, follow, max-snippet:-1, max-image-preview:large, max-video-preview:-1\" \/>\n<link rel=\"canonical\" href=\"https:\/\/elu-fire.com\/de\/kaminanmeldung\/\" \/>\n<meta property=\"og:locale\" content=\"de_DE\" \/>\n<meta property=\"og:type\" content=\"article\" \/>\n<meta property=\"og:title\" content=\"Kaminanmeldung - Elu-fire\" \/>\n<meta property=\"og:description\" content=\"[vc_row type=&#8220;full_width_content&#8220; full_screen_row_position=&#8220;middle&#8220; column_margin=&#8220;default&#8220; equal_height=&#8220;yes&#8220; content_placement=&#8220;middle&#8220; column_direction=&#8220;default&#8220; column_direction_tablet=&#8220;default&#8220; column_direction_phone=&#8220;default&#8220; bg_color=&#8220;#262626&#8243; scene_position=&#8220;center&#8220; top_padding_phone=&#8220;0&#8243; bottom_padding_phone=&#8220;0&#8243; left_padding_phone=&#8220;0&#8243; right_padding_phone=&#8220;0&#8243; text_color=&#8220;light&#8220; text_align=&#8220;left&#8220; row_border_radius=&#8220;none&#8220; row_border_radius_applies=&#8220;bg&#8220; overflow=&#8220;visible&#8220; overlay_strength=&#8220;0.3&#8243; gradient_direction=&#8220;left_to_right&#8220; shape_divider_position=&#8220;bottom&#8220; bg_image_animation=&#8220;none&#8220; background_color=&#8220;#171920&#8243; gradient_type=&#8220;default&#8220; shape_type=&#8220;&#8220;][vc_column column_element_direction_desktop=&#8220;default&#8220; column_element_spacing=&#8220;default&#8220; desktop_text_alignment=&#8220;default&#8220;...\" \/>\n<meta property=\"og:url\" content=\"https:\/\/elu-fire.com\/de\/kaminanmeldung\/\" \/>\n<meta property=\"og:site_name\" content=\"Elu-fire\" \/>\n<meta property=\"article:modified_time\" content=\"2025-12-29T15:20:44+00:00\" \/>\n<meta name=\"twitter:card\" content=\"summary_large_image\" \/>\n<meta name=\"twitter:label1\" content=\"Gesch\u00e4tzte Lesezeit\" \/>\n\t<meta name=\"twitter:data1\" content=\"3\u00a0Minuten\" \/>\n<script type=\"application\/ld+json\" class=\"yoast-schema-graph\">{\"@context\":\"https:\\\/\\\/schema.org\",\"@graph\":[{\"@type\":\"WebPage\",\"@id\":\"https:\\\/\\\/elu-fire.com\\\/de\\\/kaminanmeldung\\\/\",\"url\":\"https:\\\/\\\/elu-fire.com\\\/de\\\/kaminanmeldung\\\/\",\"name\":\"Kaminanmeldung - Elu-fire\",\"isPartOf\":{\"@id\":\"https:\\\/\\\/elu-fire.com\\\/de\\\/#website\"},\"datePublished\":\"2023-06-20T13:10:00+00:00\",\"dateModified\":\"2025-12-29T15:20:44+00:00\",\"breadcrumb\":{\"@id\":\"https:\\\/\\\/elu-fire.com\\\/de\\\/kaminanmeldung\\\/#breadcrumb\"},\"inLanguage\":\"de\",\"potentialAction\":[{\"@type\":\"ReadAction\",\"target\":[\"https:\\\/\\\/elu-fire.com\\\/de\\\/kaminanmeldung\\\/\"]}]},{\"@type\":\"BreadcrumbList\",\"@id\":\"https:\\\/\\\/elu-fire.com\\\/de\\\/kaminanmeldung\\\/#breadcrumb\",\"itemListElement\":[{\"@type\":\"ListItem\",\"position\":1,\"name\":\"Startseite\",\"item\":\"https:\\\/\\\/elu-fire.com\\\/de\\\/startseite\\\/\"},{\"@type\":\"ListItem\",\"position\":2,\"name\":\"Kaminanmeldung\"}]},{\"@type\":\"WebSite\",\"@id\":\"https:\\\/\\\/elu-fire.com\\\/de\\\/#website\",\"url\":\"https:\\\/\\\/elu-fire.com\\\/de\\\/\",\"name\":\"\u00e9lu-fire\",\"description\":\"Overal een haard\",\"publisher\":{\"@id\":\"https:\\\/\\\/elu-fire.com\\\/de\\\/#organization\"},\"potentialAction\":[{\"@type\":\"SearchAction\",\"target\":{\"@type\":\"EntryPoint\",\"urlTemplate\":\"https:\\\/\\\/elu-fire.com\\\/de\\\/?s={search_term_string}\"},\"query-input\":{\"@type\":\"PropertyValueSpecification\",\"valueRequired\":true,\"valueName\":\"search_term_string\"}}],\"inLanguage\":\"de\"},{\"@type\":\"Organization\",\"@id\":\"https:\\\/\\\/elu-fire.com\\\/de\\\/#organization\",\"name\":\"\u00e9lu-fire\",\"url\":\"https:\\\/\\\/elu-fire.com\\\/de\\\/\",\"logo\":{\"@type\":\"ImageObject\",\"inLanguage\":\"de\",\"@id\":\"https:\\\/\\\/elu-fire.com\\\/de\\\/#\\\/schema\\\/logo\\\/image\\\/\",\"url\":\"https:\\\/\\\/elu-fire.com\\\/wp-content\\\/uploads\\\/2023\\\/01\\\/cropped-flavicon-elufire.png\",\"contentUrl\":\"https:\\\/\\\/elu-fire.com\\\/wp-content\\\/uploads\\\/2023\\\/01\\\/cropped-flavicon-elufire.png\",\"width\":512,\"height\":512,\"caption\":\"\u00e9lu-fire\"},\"image\":{\"@id\":\"https:\\\/\\\/elu-fire.com\\\/de\\\/#\\\/schema\\\/logo\\\/image\\\/\"},\"sameAs\":[\"https:\\\/\\\/www.linkedin.com\\\/company\\\/elu-fire\\\/\"]}]}<\/script>\n<!-- \/ Yoast SEO plugin. -->","yoast_head_json":{"title":"Kaminanmeldung - Elu-fire","robots":{"index":"index","follow":"follow","max-snippet":"max-snippet:-1","max-image-preview":"max-image-preview:large","max-video-preview":"max-video-preview:-1"},"canonical":"https:\/\/elu-fire.com\/de\/kaminanmeldung\/","og_locale":"de_DE","og_type":"article","og_title":"Kaminanmeldung - Elu-fire","og_description":"[vc_row type=&#8220;full_width_content&#8220; full_screen_row_position=&#8220;middle&#8220; column_margin=&#8220;default&#8220; equal_height=&#8220;yes&#8220; content_placement=&#8220;middle&#8220; column_direction=&#8220;default&#8220; column_direction_tablet=&#8220;default&#8220; column_direction_phone=&#8220;default&#8220; bg_color=&#8220;#262626&#8243; scene_position=&#8220;center&#8220; top_padding_phone=&#8220;0&#8243; bottom_padding_phone=&#8220;0&#8243; left_padding_phone=&#8220;0&#8243; right_padding_phone=&#8220;0&#8243; text_color=&#8220;light&#8220; text_align=&#8220;left&#8220; row_border_radius=&#8220;none&#8220; row_border_radius_applies=&#8220;bg&#8220; overflow=&#8220;visible&#8220; overlay_strength=&#8220;0.3&#8243; gradient_direction=&#8220;left_to_right&#8220; shape_divider_position=&#8220;bottom&#8220; bg_image_animation=&#8220;none&#8220; background_color=&#8220;#171920&#8243; gradient_type=&#8220;default&#8220; shape_type=&#8220;&#8220;][vc_column column_element_direction_desktop=&#8220;default&#8220; column_element_spacing=&#8220;default&#8220; desktop_text_alignment=&#8220;default&#8220;...","og_url":"https:\/\/elu-fire.com\/de\/kaminanmeldung\/","og_site_name":"Elu-fire","article_modified_time":"2025-12-29T15:20:44+00:00","twitter_card":"summary_large_image","twitter_misc":{"Gesch\u00e4tzte Lesezeit":"3\u00a0Minuten"},"schema":{"@context":"https:\/\/schema.org","@graph":[{"@type":"WebPage","@id":"https:\/\/elu-fire.com\/de\/kaminanmeldung\/","url":"https:\/\/elu-fire.com\/de\/kaminanmeldung\/","name":"Kaminanmeldung - Elu-fire","isPartOf":{"@id":"https:\/\/elu-fire.com\/de\/#website"},"datePublished":"2023-06-20T13:10:00+00:00","dateModified":"2025-12-29T15:20:44+00:00","breadcrumb":{"@id":"https:\/\/elu-fire.com\/de\/kaminanmeldung\/#breadcrumb"},"inLanguage":"de","potentialAction":[{"@type":"ReadAction","target":["https:\/\/elu-fire.com\/de\/kaminanmeldung\/"]}]},{"@type":"BreadcrumbList","@id":"https:\/\/elu-fire.com\/de\/kaminanmeldung\/#breadcrumb","itemListElement":[{"@type":"ListItem","position":1,"name":"Startseite","item":"https:\/\/elu-fire.com\/de\/startseite\/"},{"@type":"ListItem","position":2,"name":"Kaminanmeldung"}]},{"@type":"WebSite","@id":"https:\/\/elu-fire.com\/de\/#website","url":"https:\/\/elu-fire.com\/de\/","name":"\u00e9lu-fire","description":"Overal een haard","publisher":{"@id":"https:\/\/elu-fire.com\/de\/#organization"},"potentialAction":[{"@type":"SearchAction","target":{"@type":"EntryPoint","urlTemplate":"https:\/\/elu-fire.com\/de\/?s={search_term_string}"},"query-input":{"@type":"PropertyValueSpecification","valueRequired":true,"valueName":"search_term_string"}}],"inLanguage":"de"},{"@type":"Organization","@id":"https:\/\/elu-fire.com\/de\/#organization","name":"\u00e9lu-fire","url":"https:\/\/elu-fire.com\/de\/","logo":{"@type":"ImageObject","inLanguage":"de","@id":"https:\/\/elu-fire.com\/de\/#\/schema\/logo\/image\/","url":"https:\/\/elu-fire.com\/wp-content\/uploads\/2023\/01\/cropped-flavicon-elufire.png","contentUrl":"https:\/\/elu-fire.com\/wp-content\/uploads\/2023\/01\/cropped-flavicon-elufire.png","width":512,"height":512,"caption":"\u00e9lu-fire"},"image":{"@id":"https:\/\/elu-fire.com\/de\/#\/schema\/logo\/image\/"},"sameAs":["https:\/\/www.linkedin.com\/company\/elu-fire\/"]}]}},"_links":{"self":[{"href":"https:\/\/elu-fire.com\/de\/wp-json\/wp\/v2\/pages\/8266","targetHints":{"allow":["GET"]}}],"collection":[{"href":"https:\/\/elu-fire.com\/de\/wp-json\/wp\/v2\/pages"}],"about":[{"href":"https:\/\/elu-fire.com\/de\/wp-json\/wp\/v2\/types\/page"}],"author":[{"embeddable":true,"href":"https:\/\/elu-fire.com\/de\/wp-json\/wp\/v2\/users\/5"}],"replies":[{"embeddable":true,"href":"https:\/\/elu-fire.com\/de\/wp-json\/wp\/v2\/comments?post=8266"}],"version-history":[{"count":1,"href":"https:\/\/elu-fire.com\/de\/wp-json\/wp\/v2\/pages\/8266\/revisions"}],"predecessor-version":[{"id":8270,"href":"https:\/\/elu-fire.com\/de\/wp-json\/wp\/v2\/pages\/8266\/revisions\/8270"}],"wp:attachment":[{"href":"https:\/\/elu-fire.com\/de\/wp-json\/wp\/v2\/media?parent=8266"}],"curies":[{"name":"wp","href":"https:\/\/api.w.org\/{rel}","templated":true}]}}